{"id":1843,"date":"2020-07-12T04:03:54","date_gmt":"2020-07-12T04:03:54","guid":{"rendered":"https:\/\/canna-cali.com\/?page_id=1843"},"modified":"2020-07-12T04:04:19","modified_gmt":"2020-07-12T04:04:19","slug":"cookies-policy","status":"publish","type":"page","link":"https:\/\/canna-cali.com\/pt\/cookies-policy\/","title":{"rendered":"Pol\u00edtica de Cookies"},"content":{"rendered":"<div data-elementor-type=\"wp-page\" data-elementor-id=\"1843\" class=\"elementor elementor-1843\">\n\t\t\t\t\t\t\t\t\t<section class=\"elementor-section elementor-top-section elementor-element elementor-element-f40b5ea elementor-section-boxed elementor-section-height-default elementor-section-height-default\" data-id=\"f40b5ea\" data-element_type=\"section\">\n\t\t\t\t\t\t<div class=\"elementor-container elementor-column-gap-default\">\n\t\t\t\t\t<div class=\"elementor-column elementor-col-100 elementor-top-column elementor-element elementor-element-f67aeae\" data-id=\"f67aeae\" data-element_type=\"column\">\n\t\t\t<div class=\"elementor-widget-wrap elementor-element-populated\">\n\t\t\t\t\t\t\t\t<div class=\"elementor-element elementor-element-0111740 elementor-widget elementor-widget-text-editor\" data-id=\"0111740\" data-element_type=\"widget\" data-widget_type=\"text-editor.default\">\n\t\t\t\t<div class=\"elementor-widget-container\">\n\t\t\t<style>\/*! elementor - v3.12.1 - 02-04-2023 *\/\n.elementor-widget-text-editor.elementor-drop-cap-view-stacked .elementor-drop-cap{background-color:#69727d;color:#fff}.elementor-widget-text-editor.elementor-drop-cap-view-framed .elementor-drop-cap{color:#69727d;border:3px solid;background-color:transparent}.elementor-widget-text-editor:not(.elementor-drop-cap-view-default) .elementor-drop-cap{margin-top:8px}.elementor-widget-text-editor:not(.elementor-drop-cap-view-default) .elementor-drop-cap-letter{width:1em;height:1em}.elementor-widget-text-editor .elementor-drop-cap{float:left;text-align:center;line-height:1;font-size:50px}.elementor-widget-text-editor .elementor-drop-cap-letter{display:inline-block}<\/style>\t\t\t\t<p style=\"text-align: justify;\"><strong>O que s\u00e3o cookies, web beacons e tecnologias similares?<\/strong><\/p><p style=\"text-align: justify;\">Como a maioria dos sites, usamos tecnologias que s\u00e3o essencialmente pequenos arquivos de dados colocados em seu computador, tablet, celular ou outros dispositivos (referidos coletivamente como um \"dispositivo\") que nos permitem registrar determinadas informa\u00e7\u00f5es sempre que voc\u00ea visita ou interage com nossos sites, servi\u00e7os, aplicativos, mensagens e ferramentas e para reconhec\u00ea-lo em todos os dispositivos.<\/p><p style=\"text-align: justify;\">Os nomes e tipos espec\u00edficos de cookies, web beacons, identificadores exclusivos e tecnologias semelhantes que usamos para coletar informa\u00e7\u00f5es (por exemplo, sobre as p\u00e1ginas visualizadas, os links em que voc\u00ea clica e outras a\u00e7\u00f5es realizadas em nossos Servi\u00e7os, dentro de nosso conte\u00fado de publicidade ou email ) pode mudar de tempos em tempos. Para ajudar voc\u00ea a entender melhor esta Pol\u00edtica e nosso uso de tais tecnologias, fornecemos a seguinte terminologia e defini\u00e7\u00f5es limitadas:<\/p><p style=\"text-align: justify;\">Cookies - Pequenos arquivos de texto (normalmente compostos de letras e n\u00fameros) colocados na mem\u00f3ria do seu navegador ou dispositivo quando voc\u00ea visita um site ou exibe uma mensagem. Os cookies permitem que um site reconhe\u00e7a um dispositivo ou navegador espec\u00edfico. Existem v\u00e1rios tipos de cookies:<\/p><p style=\"text-align: justify;\">Os cookies de sess\u00e3o expiram no final da sess\u00e3o do navegador e permitem vincular suas a\u00e7\u00f5es durante essa sess\u00e3o espec\u00edfica do navegador.<\/p><p style=\"text-align: justify;\">Os cookies persistentes s\u00e3o armazenados no seu dispositivo entre as sess\u00f5es do navegador, permitindo que lembremos suas prefer\u00eancias ou a\u00e7\u00f5es em v\u00e1rios sites.<\/p><p style=\"text-align: justify;\">Os cookies prim\u00e1rios s\u00e3o definidos pelo site que voc\u00ea est\u00e1 visitando.<\/p><p style=\"text-align: justify;\">Os cookies de terceiros s\u00e3o definidos por um site de terceiros separado do site que voc\u00ea est\u00e1 visitando.<\/p><p style=\"text-align: justify;\">Os cookies podem ser desativados ou removidos por ferramentas dispon\u00edveis na maioria dos navegadores comerciais. As prefer\u00eancias para cada navegador que voc\u00ea usar precisar\u00e3o ser definidas separadamente e diferentes navegadores oferecer\u00e3o diferentes funcionalidades e op\u00e7\u00f5es.<\/p><p style=\"text-align: justify;\">Web beacons - Pequenas imagens gr\u00e1ficas (tamb\u00e9m conhecidas como \"pixel tags\" ou \"clear GIFs\") que podem ser inclu\u00eddas em nossos sites, servi\u00e7os, aplicativos, mensagens e ferramentas, que normalmente funcionam em conjunto com cookies para identificar nossos usu\u00e1rios e usu\u00e1rios. comportamento.<\/p><p style=\"text-align: justify;\">Tecnologias similares - Tecnologias que armazenam informa\u00e7\u00f5es em seu navegador ou dispositivo utilizando objetos compartilhados locais ou armazenamento local, como cookies flash, cookies HTML 5 e outros m\u00e9todos de software de aplicativo da web. Essas tecnologias podem operar em todos os navegadores e, em alguns casos, podem n\u00e3o ser totalmente gerenciadas pelo navegador e podem exigir gerenciamento diretamente por meio dos aplicativos ou dispositivos instalados. N\u00e3o usamos essas tecnologias para armazenar informa\u00e7\u00f5es e direcionar publicidade a voc\u00ea em nossos sites ou fora deles.<\/p><p style=\"text-align: justify;\">Podemos usar os termos \"cookies\" ou \"tecnologias semelhantes\" de forma intercambi\u00e1vel em nossas pol\u00edticas para se referir a todas as tecnologias que podemos usar para armazenar dados em seu navegador ou dispositivo ou que coletam informa\u00e7\u00f5es ou nos ajudam a identific\u00e1-lo da maneira descrita acima.<\/p><p style=\"text-align: justify;\"><strong>Sua escolha e nosso uso de cookies, web beacons e tecnologias similares<\/strong><\/p><p style=\"text-align: justify;\">Oferecemos determinados recursos, servi\u00e7os, aplicativos e ferramentas do site que est\u00e3o dispon\u00edveis apenas atrav\u00e9s do uso dessas tecnologias. Voc\u00ea sempre pode bloquear, excluir ou desativar essas tecnologias, se o navegador, o aplicativo ou o dispositivo instalado assim o permitir. No entanto, se voc\u00ea recusar cookies ou outras tecnologias semelhantes, poder\u00e1 n\u00e3o conseguir tirar proveito de determinados recursos, servi\u00e7os, aplicativos ou ferramentas do site. Voc\u00ea tamb\u00e9m pode ser solicitado a redigitar sua senha com mais frequ\u00eancia durante sua sess\u00e3o de navega\u00e7\u00e3o. Para obter mais informa\u00e7\u00f5es sobre como bloquear, excluir ou desativar essas tecnologias, consulte as configura\u00e7\u00f5es do seu navegador ou dispositivo.<\/p><p style=\"text-align: justify;\">Geralmente, essas tecnologias permitem que nossos sites, servi\u00e7os, aplicativos e ferramentas armazenem informa\u00e7\u00f5es relevantes em seu navegador ou dispositivo e depois leiam essas informa\u00e7\u00f5es para identific\u00e1-lo em nossos servidores ou sistemas internos. Onde aplic\u00e1vel, protegemos nossos cookies e outras tecnologias similares para ajudar a garantir que somente n\u00f3s e \/ ou nossos provedores de servi\u00e7os autorizados possam interpret\u00e1-los, atribuindo a eles um identificador exclusivo, projetado apenas para interpreta\u00e7\u00e3o por n\u00f3s. N\u00e3o armazenamos nenhuma de suas informa\u00e7\u00f5es pessoais em nenhum de nossos cookies ou outras tecnologias semelhantes.<\/p><p style=\"text-align: justify;\">Todas as informa\u00e7\u00f5es pessoais que coletamos e armazenamos por meio do uso dessas tecnologias s\u00e3o primeiro obtidas por meio de aviso e consentimento: obtemos seu consentimento fornecendo a voc\u00ea um aviso transparente de uso das tecnologias e, na extens\u00e3o aqui descrita, oferecendo a voc\u00ea a oportunidade de fa\u00e7a uma escolha para desativar essas tecnologias.<\/p><p style=\"text-align: justify;\">Nossos usos dessas tecnologias se enquadram nas seguintes categorias gerais:<\/p><p style=\"text-align: justify;\">Operacionalmente necess\u00e1rio. Podemos usar cookies, web beacons ou outras tecnologias similares necess\u00e1rias \u00e0 opera\u00e7\u00e3o de nossos sites, servi\u00e7os, aplicativos e ferramentas. Isso inclui tecnologias que permitem acessar nossos sites, servi\u00e7os, aplicativos e ferramentas, necess\u00e1rias para identificar o comportamento irregular do site, impedir atividades fraudulentas e melhorar a seguran\u00e7a, ou que permitem o uso de nossas fun\u00e7\u00f5es, como carrinhos de compras, salvos pesquisa ou fun\u00e7\u00f5es semelhantes;<\/p><p style=\"text-align: justify;\">Relacionado ao desempenho. Podemos usar cookies, web beacons ou outras tecnologias semelhantes para avaliar o desempenho de nossos sites, aplicativos, servi\u00e7os e ferramentas, inclusive como parte de nossas pr\u00e1ticas anal\u00edticas, para nos ajudar a entender como nossos visitantes usam nossos sites, determinar se voc\u00ea interagiu com nossas mensagens, determine se voc\u00ea visualizou um item ou link ou para melhorar o conte\u00fado, aplicativos, servi\u00e7os ou ferramentas do site;<\/p><p style=\"text-align: justify;\">Relacionado \u00e0 funcionalidade. Podemos usar cookies, web beacons ou outras tecnologias semelhantes que nos permitem oferecer funcionalidade aprimorada ao acessar ou usar nossos sites, servi\u00e7os, aplicativos ou ferramentas. Isso pode incluir a identifica\u00e7\u00e3o de voc\u00ea quando voc\u00ea entra em nossos sites ou o acompanhamento de suas prefer\u00eancias, interesses ou itens anteriores exibidos, para que possamos melhorar a apresenta\u00e7\u00e3o do conte\u00fado em nossos sites;<\/p>\t\t\t\t\t\t<\/div>\n\t\t\t\t<\/div>\n\t\t\t\t\t<\/div>\n\t\t<\/div>\n\t\t\t\t\t\t\t<\/div>\n\t\t<\/section>\n\t\t\t\t\t\t\t<\/div>","protected":false},"excerpt":{"rendered":"<p>What are cookies, web beacons, and similar technologies? Like most sites, we use technologies that are essentially small data files placed on your computer, tablet, mobile phone, or other devices (referred to collectively as a \u201cdevice\u201d) that allow us to record certain pieces of information whenever you visit or interact with our sites, services, applications, &#8230;<\/p>","protected":false},"author":1,"featured_media":0,"parent":0,"menu_order":0,"comment_status":"closed","ping_status":"closed","template":"","meta":{"_monsterinsights_skip_tracking":false,"_monsterinsights_sitenote_active":false,"_monsterinsights_sitenote_note":"","_monsterinsights_sitenote_category":0},"yoast_head":"<!-- This site is optimized with the Yoast SEO plugin v20.4 - https:\/\/yoast.com\/wordpress\/plugins\/seo\/ -->\n<title>Cookies Policy | Canna Cali - Lisbon Marijuana store<\/title>\n<meta name=\"robots\" content=\"index, follow, max-snippet:-1, max-image-preview:large, max-video-preview:-1\" \/>\n<link rel=\"canonical\" href=\"https:\/\/canna-cali.com\/pt\/cookies-policy\/\" \/>\n<meta property=\"og:locale\" content=\"pt_PT\" \/>\n<meta property=\"og:type\" content=\"article\" \/>\n<meta property=\"og:title\" content=\"Cookies Policy | Canna Cali - Lisbon Marijuana store\" \/>\n<meta property=\"og:description\" content=\"What are cookies, web beacons, and similar technologies? Like most sites, we use technologies that are essentially small data files placed on your computer, tablet, mobile phone, or other devices (referred to collectively as a \u201cdevice\u201d) that allow us to record certain pieces of information whenever you visit or interact with our sites, services, applications, ...\" \/>\n<meta property=\"og:url\" content=\"https:\/\/canna-cali.com\/pt\/cookies-policy\/\" \/>\n<meta property=\"og:site_name\" content=\"Canna Cali - Lisbon Marijuana store\" \/>\n<meta property=\"article:modified_time\" content=\"2020-07-12T04:04:19+00:00\" \/>\n<meta name=\"twitter:card\" content=\"summary_large_image\" \/>\n<meta name=\"twitter:label1\" content=\"Tempo estimado de leitura\" \/>\n\t<meta name=\"twitter:data1\" content=\"5 minutos\" \/>\n<script type=\"application\/ld+json\" class=\"yoast-schema-graph\">{\"@context\":\"https:\/\/schema.org\",\"@graph\":[{\"@type\":\"WebPage\",\"@id\":\"https:\/\/canna-cali.com\/cookies-policy\/\",\"url\":\"https:\/\/canna-cali.com\/cookies-policy\/\",\"name\":\"Cookies Policy | Canna Cali - Lisbon Marijuana store\",\"isPartOf\":{\"@id\":\"https:\/\/canna-cali.com\/#website\"},\"datePublished\":\"2020-07-12T04:03:54+00:00\",\"dateModified\":\"2020-07-12T04:04:19+00:00\",\"breadcrumb\":{\"@id\":\"https:\/\/canna-cali.com\/cookies-policy\/#breadcrumb\"},\"inLanguage\":\"pt-PT\",\"potentialAction\":[{\"@type\":\"ReadAction\",\"target\":[\"https:\/\/canna-cali.com\/cookies-policy\/\"]}]},{\"@type\":\"BreadcrumbList\",\"@id\":\"https:\/\/canna-cali.com\/cookies-policy\/#breadcrumb\",\"itemListElement\":[{\"@type\":\"ListItem\",\"position\":1,\"name\":\"Home\",\"item\":\"https:\/\/canna-cali.com\/\"},{\"@type\":\"ListItem\",\"position\":2,\"name\":\"Cookies Policy\"}]},{\"@type\":\"WebSite\",\"@id\":\"https:\/\/canna-cali.com\/#website\",\"url\":\"https:\/\/canna-cali.com\/\",\"name\":\"Canna Cali\",\"description\":\"Canna Cali - Lisbon Marijuana store provides you the best selection of hemp products.\",\"publisher\":{\"@id\":\"https:\/\/canna-cali.com\/#organization\"},\"potentialAction\":[{\"@type\":\"SearchAction\",\"target\":{\"@type\":\"EntryPoint\",\"urlTemplate\":\"https:\/\/canna-cali.com\/?s={search_term_string}\"},\"query-input\":\"required name=search_term_string\"}],\"inLanguage\":\"pt-PT\"},{\"@type\":\"Organization\",\"@id\":\"https:\/\/canna-cali.com\/#organization\",\"name\":\"Canna Cali\",\"url\":\"https:\/\/canna-cali.com\/\",\"logo\":{\"@type\":\"ImageObject\",\"inLanguage\":\"pt-PT\",\"@id\":\"https:\/\/canna-cali.com\/#\/schema\/logo\/image\/\",\"url\":\"https:\/\/canna-cali.com\/wp-content\/uploads\/2020\/07\/canna-cali-logo-transp-1.png\",\"contentUrl\":\"https:\/\/canna-cali.com\/wp-content\/uploads\/2020\/07\/canna-cali-logo-transp-1.png\",\"width\":344,\"height\":330,\"caption\":\"Canna Cali\"},\"image\":{\"@id\":\"https:\/\/canna-cali.com\/#\/schema\/logo\/image\/\"}}]}<\/script>\n<!-- \/ Yoast SEO plugin. -->","yoast_head_json":{"title":"Cookies Policy | Canna Cali - Lisbon Marijuana store","robots":{"index":"index","follow":"follow","max-snippet":"max-snippet:-1","max-image-preview":"max-image-preview:large","max-video-preview":"max-video-preview:-1"},"canonical":"https:\/\/canna-cali.com\/pt\/cookies-policy\/","og_locale":"pt_PT","og_type":"article","og_title":"Cookies Policy | Canna Cali - Lisbon Marijuana store","og_description":"What are cookies, web beacons, and similar technologies? Like most sites, we use technologies that are essentially small data files placed on your computer, tablet, mobile phone, or other devices (referred to collectively as a \u201cdevice\u201d) that allow us to record certain pieces of information whenever you visit or interact with our sites, services, applications, ...","og_url":"https:\/\/canna-cali.com\/pt\/cookies-policy\/","og_site_name":"Canna Cali - Lisbon Marijuana store","article_modified_time":"2020-07-12T04:04:19+00:00","twitter_card":"summary_large_image","twitter_misc":{"Tempo estimado de leitura":"5 minutos"},"schema":{"@context":"https:\/\/schema.org","@graph":[{"@type":"WebPage","@id":"https:\/\/canna-cali.com\/cookies-policy\/","url":"https:\/\/canna-cali.com\/cookies-policy\/","name":"Cookies Policy | Canna Cali - Lisbon Marijuana store","isPartOf":{"@id":"https:\/\/canna-cali.com\/#website"},"datePublished":"2020-07-12T04:03:54+00:00","dateModified":"2020-07-12T04:04:19+00:00","breadcrumb":{"@id":"https:\/\/canna-cali.com\/cookies-policy\/#breadcrumb"},"inLanguage":"pt-PT","potentialAction":[{"@type":"ReadAction","target":["https:\/\/canna-cali.com\/cookies-policy\/"]}]},{"@type":"BreadcrumbList","@id":"https:\/\/canna-cali.com\/cookies-policy\/#breadcrumb","itemListElement":[{"@type":"ListItem","position":1,"name":"Home","item":"https:\/\/canna-cali.com\/"},{"@type":"ListItem","position":2,"name":"Cookies Policy"}]},{"@type":"WebSite","@id":"https:\/\/canna-cali.com\/#website","url":"https:\/\/canna-cali.com\/","name":"Canna Cali","description":"Canna Cali - Lisbon Marijuana store provides you the best selection of hemp products.","publisher":{"@id":"https:\/\/canna-cali.com\/#organization"},"potentialAction":[{"@type":"SearchAction","target":{"@type":"EntryPoint","urlTemplate":"https:\/\/canna-cali.com\/?s={search_term_string}"},"query-input":"required name=search_term_string"}],"inLanguage":"pt-PT"},{"@type":"Organization","@id":"https:\/\/canna-cali.com\/#organization","name":"Canna Cali","url":"https:\/\/canna-cali.com\/","logo":{"@type":"ImageObject","inLanguage":"pt-PT","@id":"https:\/\/canna-cali.com\/#\/schema\/logo\/image\/","url":"https:\/\/canna-cali.com\/wp-content\/uploads\/2020\/07\/canna-cali-logo-transp-1.png","contentUrl":"https:\/\/canna-cali.com\/wp-content\/uploads\/2020\/07\/canna-cali-logo-transp-1.png","width":344,"height":330,"caption":"Canna Cali"},"image":{"@id":"https:\/\/canna-cali.com\/#\/schema\/logo\/image\/"}}]}},"_links":{"self":[{"href":"https:\/\/canna-cali.com\/pt\/wp-json\/wp\/v2\/pages\/1843"}],"collection":[{"href":"https:\/\/canna-cali.com\/pt\/wp-json\/wp\/v2\/pages"}],"about":[{"href":"https:\/\/canna-cali.com\/pt\/wp-json\/wp\/v2\/types\/page"}],"author":[{"embeddable":true,"href":"https:\/\/canna-cali.com\/pt\/wp-json\/wp\/v2\/users\/1"}],"replies":[{"embeddable":true,"href":"https:\/\/canna-cali.com\/pt\/wp-json\/wp\/v2\/comments?post=1843"}],"version-history":[{"count":2,"href":"https:\/\/canna-cali.com\/pt\/wp-json\/wp\/v2\/pages\/1843\/revisions"}],"predecessor-version":[{"id":1845,"href":"https:\/\/canna-cali.com\/pt\/wp-json\/wp\/v2\/pages\/1843\/revisions\/1845"}],"wp:attachment":[{"href":"https:\/\/canna-cali.com\/pt\/wp-json\/wp\/v2\/media?parent=1843"}],"curies":[{"name":"wp","href":"https:\/\/api.w.org\/{rel}","templated":true}]}}