{"id":1755,"date":"2020-07-11T09:26:05","date_gmt":"2020-07-11T09:26:05","guid":{"rendered":"https:\/\/canna-cali.com\/?post_type=product&#038;p=1755"},"modified":"2023-03-03T21:09:19","modified_gmt":"2023-03-03T21:09:19","slug":"weedmill-aluminium-grinder-2-parts","status":"publish","type":"product","link":"https:\/\/canna-cali.com\/pt\/produto\/weedmill-aluminium-grinder-2-parts\/","title":{"rendered":"Moedor de Alum\u00ednio para Ervas Daninhas 2 Pe\u00e7as"},"content":{"rendered":"<h2><strong>Moedor de Alum\u00ednio para Ervas Daninhas 2 Pe\u00e7as<\/strong><\/h2>\n<p>Weedmill Aluminium Grinder 2 Parts, available in lime green and titanium. De Weedmill is m\u00e9\u00e9r dan een &#8216;fancy&#8217; naam voor een grinder.<\/p>\n<p>You could think of the Weedmill as a 2-in-1 grinder. You store several grams in the dark storage area. When you feel like a joint, take the WEEDMILL and grind exactly the amount you need. Are you ready? Slide the valve in front of the distribution holes again and your weed will be well preserved.<\/p>\n<p>The Weedmill is not only a first-class crumbler, but at the same time this product is the ideal storage option for your cannabis. It is actually a well-known pepper mill, but for weed.<\/p>\n<p><strong>Specifications :<\/strong><\/p>\n<p>Material: Aluminum<\/p>\n<p>Design: Mill<\/p>\n<p>Color: Matt Black<\/p>\n<p>Diameter: 40mm<\/p>\n<p>Number of parts: 2 parts<\/p>\n<p>Quantity: 1<\/p>\n<p>This product can be also bought at our store. <span class=\"w8qArf\">Address: <\/span><span class=\"LrzXr\">R. da Rosa 31, 1200-381 Lisboa, Portugal Canna Cali &#8211; Lisbon hash store, <a href=\"https:\/\/goo.gl\/maps\/VruEFnSDQpRGcxds9\">see directions here.<\/a><\/span><\/p>\n<p>Cannabis store Canna-Cali provides you the best selection of hemp products! Canna Cali store has a large variety of organic products, marihuana, weed, hash, 420. Canna Cali can provide also Bong oils, Pipes, papers and other accessories.<\/p>\n<p>For any questions regarding this product you can <a href=\"https:\/\/canna-cali.com\/pt\/contact\/\">contact us.<\/a><\/p>","protected":false},"excerpt":{"rendered":"<p>Weedmill Aluminium Grinder 2 Parts Weedmill Aluminium Grinder 2 Parts, available in lime green and titanium. De Weedmill is m\u00e9\u00e9r dan een &#8216;fancy&#8217; naam voor een grinder. You could think of the Weedmill as a 2-in-1 grinder. You store several grams in the dark storage area. When you feel like a joint, take the WEEDMILL &#8230;<\/p>","protected":false},"featured_media":1756,"menu_order":0,"comment_status":"open","ping_status":"closed","template":"","meta":{"_monsterinsights_skip_tracking":false,"_monsterinsights_sitenote_active":false,"_monsterinsights_sitenote_note":"","_monsterinsights_sitenote_category":0},"product_cat":[104],"product_tag":[],"yoast_head":"<!-- This site is optimized with the Yoast SEO plugin v20.4 - https:\/\/yoast.com\/wordpress\/plugins\/seo\/ -->\n<title>Weedmill Aluminium Grinder 2 Parts | Canna Cali - Lisbon Marijuana store<\/title>\n<meta name=\"description\" content=\"Weedmill Aluminium Grinder available in lime green and titanium. The Weedmill is more than a fancy name for a grinder.\" \/>\n<meta name=\"robots\" content=\"index, follow, max-snippet:-1, max-image-preview:large, max-video-preview:-1\" \/>\n<link rel=\"canonical\" href=\"https:\/\/canna-cali.com\/pt\/produto\/weedmill-aluminium-grinder-2-parts\/\" \/>\n<meta property=\"og:locale\" content=\"pt_PT\" \/>\n<meta property=\"og:type\" content=\"article\" \/>\n<meta property=\"og:title\" content=\"Weedmill Aluminium Grinder 2 Parts | Canna Cali - Lisbon Marijuana store\" \/>\n<meta property=\"og:description\" content=\"Weedmill Aluminium Grinder available in lime green and titanium. The Weedmill is more than a fancy name for a grinder.\" \/>\n<meta property=\"og:url\" content=\"https:\/\/canna-cali.com\/pt\/produto\/weedmill-aluminium-grinder-2-parts\/\" \/>\n<meta property=\"og:site_name\" content=\"Canna Cali - Lisbon Marijuana store\" \/>\n<meta property=\"article:modified_time\" content=\"2023-03-03T21:09:19+00:00\" \/>\n<meta property=\"og:image\" content=\"https:\/\/canna-cali.com\/wp-content\/uploads\/2020\/07\/Weedmill_Aluminium_Grinder_2_Parts.jpeg\" \/>\n\t<meta property=\"og:image:width\" content=\"525\" \/>\n\t<meta property=\"og:image:height\" content=\"525\" \/>\n\t<meta property=\"og:image:type\" content=\"image\/jpeg\" \/>\n<meta name=\"twitter:card\" content=\"summary_large_image\" \/>\n<meta name=\"twitter:label1\" content=\"Tempo estimado de leitura\" \/>\n\t<meta name=\"twitter:data1\" content=\"1 minuto\" \/>\n<script type=\"application\/ld+json\" class=\"yoast-schema-graph\">{\"@context\":\"https:\/\/schema.org\",\"@graph\":[{\"@type\":\"WebPage\",\"@id\":\"https:\/\/canna-cali.com\/product\/weedmill-aluminium-grinder-2-parts\/\",\"url\":\"https:\/\/canna-cali.com\/product\/weedmill-aluminium-grinder-2-parts\/\",\"name\":\"Weedmill Aluminium Grinder 2 Parts | Canna Cali - Lisbon Marijuana store\",\"isPartOf\":{\"@id\":\"https:\/\/canna-cali.com\/#website\"},\"datePublished\":\"2020-07-11T09:26:05+00:00\",\"dateModified\":\"2023-03-03T21:09:19+00:00\",\"description\":\"Weedmill Aluminium Grinder available in lime green and titanium. The Weedmill is more than a fancy name for a grinder.\",\"breadcrumb\":{\"@id\":\"https:\/\/canna-cali.com\/product\/weedmill-aluminium-grinder-2-parts\/#breadcrumb\"},\"inLanguage\":\"pt-PT\",\"potentialAction\":[{\"@type\":\"ReadAction\",\"target\":[\"https:\/\/canna-cali.com\/product\/weedmill-aluminium-grinder-2-parts\/\"]}]},{\"@type\":\"BreadcrumbList\",\"@id\":\"https:\/\/canna-cali.com\/product\/weedmill-aluminium-grinder-2-parts\/#breadcrumb\",\"itemListElement\":[{\"@type\":\"ListItem\",\"position\":1,\"name\":\"Home\",\"item\":\"https:\/\/canna-cali.com\/\"},{\"@type\":\"ListItem\",\"position\":2,\"name\":\"Shop\",\"item\":\"https:\/\/canna-cali.com\/shop\/\"},{\"@type\":\"ListItem\",\"position\":3,\"name\":\"Weedmill Aluminium Grinder 2 Parts\"}]},{\"@type\":\"WebSite\",\"@id\":\"https:\/\/canna-cali.com\/#website\",\"url\":\"https:\/\/canna-cali.com\/\",\"name\":\"Canna Cali\",\"description\":\"Canna Cali - Lisbon Marijuana store provides you the best selection of hemp products.\",\"publisher\":{\"@id\":\"https:\/\/canna-cali.com\/#organization\"},\"potentialAction\":[{\"@type\":\"SearchAction\",\"target\":{\"@type\":\"EntryPoint\",\"urlTemplate\":\"https:\/\/canna-cali.com\/?s={search_term_string}\"},\"query-input\":\"required name=search_term_string\"}],\"inLanguage\":\"pt-PT\"},{\"@type\":\"Organization\",\"@id\":\"https:\/\/canna-cali.com\/#organization\",\"name\":\"Canna Cali\",\"url\":\"https:\/\/canna-cali.com\/\",\"logo\":{\"@type\":\"ImageObject\",\"inLanguage\":\"pt-PT\",\"@id\":\"https:\/\/canna-cali.com\/#\/schema\/logo\/image\/\",\"url\":\"https:\/\/canna-cali.com\/wp-content\/uploads\/2020\/07\/canna-cali-logo-transp-1.png\",\"contentUrl\":\"https:\/\/canna-cali.com\/wp-content\/uploads\/2020\/07\/canna-cali-logo-transp-1.png\",\"width\":344,\"height\":330,\"caption\":\"Canna Cali\"},\"image\":{\"@id\":\"https:\/\/canna-cali.com\/#\/schema\/logo\/image\/\"}}]}<\/script>\n<!-- \/ Yoast SEO plugin. -->","yoast_head_json":{"title":"Weedmill Aluminium Grinder 2 Parts | Canna Cali - Lisbon Marijuana store","description":"Weedmill Aluminium Grinder available in lime green and titanium. The Weedmill is more than a fancy name for a grinder.","robots":{"index":"index","follow":"follow","max-snippet":"max-snippet:-1","max-image-preview":"max-image-preview:large","max-video-preview":"max-video-preview:-1"},"canonical":"https:\/\/canna-cali.com\/pt\/produto\/weedmill-aluminium-grinder-2-parts\/","og_locale":"pt_PT","og_type":"article","og_title":"Weedmill Aluminium Grinder 2 Parts | Canna Cali - Lisbon Marijuana store","og_description":"Weedmill Aluminium Grinder available in lime green and titanium. The Weedmill is more than a fancy name for a grinder.","og_url":"https:\/\/canna-cali.com\/pt\/produto\/weedmill-aluminium-grinder-2-parts\/","og_site_name":"Canna Cali - Lisbon Marijuana store","article_modified_time":"2023-03-03T21:09:19+00:00","og_image":[{"width":525,"height":525,"url":"https:\/\/canna-cali.com\/wp-content\/uploads\/2020\/07\/Weedmill_Aluminium_Grinder_2_Parts.jpeg","type":"image\/jpeg"}],"twitter_card":"summary_large_image","twitter_misc":{"Tempo estimado de leitura":"1 minuto"},"schema":{"@context":"https:\/\/schema.org","@graph":[{"@type":"WebPage","@id":"https:\/\/canna-cali.com\/product\/weedmill-aluminium-grinder-2-parts\/","url":"https:\/\/canna-cali.com\/product\/weedmill-aluminium-grinder-2-parts\/","name":"Weedmill Aluminium Grinder 2 Parts | Canna Cali - Lisbon Marijuana store","isPartOf":{"@id":"https:\/\/canna-cali.com\/#website"},"datePublished":"2020-07-11T09:26:05+00:00","dateModified":"2023-03-03T21:09:19+00:00","description":"Weedmill Aluminium Grinder available in lime green and titanium. The Weedmill is more than a fancy name for a grinder.","breadcrumb":{"@id":"https:\/\/canna-cali.com\/product\/weedmill-aluminium-grinder-2-parts\/#breadcrumb"},"inLanguage":"pt-PT","potentialAction":[{"@type":"ReadAction","target":["https:\/\/canna-cali.com\/product\/weedmill-aluminium-grinder-2-parts\/"]}]},{"@type":"BreadcrumbList","@id":"https:\/\/canna-cali.com\/product\/weedmill-aluminium-grinder-2-parts\/#breadcrumb","itemListElement":[{"@type":"ListItem","position":1,"name":"Home","item":"https:\/\/canna-cali.com\/"},{"@type":"ListItem","position":2,"name":"Shop","item":"https:\/\/canna-cali.com\/shop\/"},{"@type":"ListItem","position":3,"name":"Weedmill Aluminium Grinder 2 Parts"}]},{"@type":"WebSite","@id":"https:\/\/canna-cali.com\/#website","url":"https:\/\/canna-cali.com\/","name":"Canna Cali","description":"Canna Cali - Lisbon Marijuana store provides you the best selection of hemp products.","publisher":{"@id":"https:\/\/canna-cali.com\/#organization"},"potentialAction":[{"@type":"SearchAction","target":{"@type":"EntryPoint","urlTemplate":"https:\/\/canna-cali.com\/?s={search_term_string}"},"query-input":"required name=search_term_string"}],"inLanguage":"pt-PT"},{"@type":"Organization","@id":"https:\/\/canna-cali.com\/#organization","name":"Canna Cali","url":"https:\/\/canna-cali.com\/","logo":{"@type":"ImageObject","inLanguage":"pt-PT","@id":"https:\/\/canna-cali.com\/#\/schema\/logo\/image\/","url":"https:\/\/canna-cali.com\/wp-content\/uploads\/2020\/07\/canna-cali-logo-transp-1.png","contentUrl":"https:\/\/canna-cali.com\/wp-content\/uploads\/2020\/07\/canna-cali-logo-transp-1.png","width":344,"height":330,"caption":"Canna Cali"},"image":{"@id":"https:\/\/canna-cali.com\/#\/schema\/logo\/image\/"}}]}},"_links":{"self":[{"href":"https:\/\/canna-cali.com\/pt\/wp-json\/wp\/v2\/product\/1755"}],"collection":[{"href":"https:\/\/canna-cali.com\/pt\/wp-json\/wp\/v2\/product"}],"about":[{"href":"https:\/\/canna-cali.com\/pt\/wp-json\/wp\/v2\/types\/product"}],"replies":[{"embeddable":true,"href":"https:\/\/canna-cali.com\/pt\/wp-json\/wp\/v2\/comments?post=1755"}],"wp:featuredmedia":[{"embeddable":true,"href":"https:\/\/canna-cali.com\/pt\/wp-json\/wp\/v2\/media\/1756"}],"wp:attachment":[{"href":"https:\/\/canna-cali.com\/pt\/wp-json\/wp\/v2\/media?parent=1755"}],"wp:term":[{"taxonomy":"product_cat","embeddable":true,"href":"https:\/\/canna-cali.com\/pt\/wp-json\/wp\/v2\/product_cat?post=1755"},{"taxonomy":"product_tag","embeddable":true,"href":"https:\/\/canna-cali.com\/pt\/wp-json\/wp\/v2\/product_tag?post=1755"}],"curies":[{"name":"wp","href":"https:\/\/api.w.org\/{rel}","templated":true}]}}