{"id":1913,"date":"2020-07-12T07:30:32","date_gmt":"2020-07-12T07:30:32","guid":{"rendered":"https:\/\/canna-cali.com\/?post_type=product&#038;p=1913"},"modified":"2022-05-27T08:35:23","modified_gmt":"2022-05-27T08:35:23","slug":"greengo-4-part-grinder-50-mm-diameter","status":"publish","type":"product","link":"https:\/\/canna-cali.com\/pt\/produto\/greengo-4-part-grinder-50-mm-diameter\/","title":{"rendered":"Moedor Greengo de 4 pe\u00e7as com 50 mm de di\u00e2metro"},"content":{"rendered":"<h2><strong>Moedor Greengo de 4 pe\u00e7as com 50 mm de di\u00e2metro<\/strong><\/h2>\n<p>This sharp Greengo 4-part grinder shreds your herbs effortlessly and promptly. With this quality grinder you will be able to crush herbs of all kinds to very smooth results.<\/p>\n<p>The metal is available with\u00a0a diameter of 50 mm.<\/p>\n<p>&nbsp;<\/p>\n<p>This product can be also bought at our store. <span class=\"w8qArf\">Address: <\/span><span class=\"LrzXr\">R. da Rosa 31, 1200-381 Lisboa, Portugal Canna Cali &#8211; Lisbon hash store, <a href=\"https:\/\/goo.gl\/maps\/VruEFnSDQpRGcxds9\">see directions here.<\/a><\/span><\/p>\n<p>Cannabis store Canna-Cali provides you the best selection of hemp products! Canna Cali store has a large variety of organic products, marihuana, weed, hash, 420. Canna Cali can provide also Bong oils, Pipes, papers and other accessories.<\/p>\n<p>For any questions regarding this product you can <a href=\"https:\/\/canna-cali.com\/pt\/contact\/\">contact us.<\/a><\/p>","protected":false},"excerpt":{"rendered":"<p>Greengo 4-part grinder 50 mm diameter This sharp Greengo 4-part grinder shreds your herbs effortlessly and promptly. With this quality grinder you will be able to crush herbs of all kinds to very smooth results. The metal is available with\u00a0a diameter of 50 mm. &nbsp; This product can be also bought at our store. Address: &#8230;<\/p>","protected":false},"featured_media":1917,"menu_order":0,"comment_status":"open","ping_status":"closed","template":"","meta":{"_monsterinsights_skip_tracking":false,"_monsterinsights_sitenote_active":false,"_monsterinsights_sitenote_note":"","_monsterinsights_sitenote_category":0},"product_cat":[104],"product_tag":[],"yoast_head":"<!-- This site is optimized with the Yoast SEO plugin v20.4 - https:\/\/yoast.com\/wordpress\/plugins\/seo\/ -->\n<title>Greengo 4-part grinder 50 mm diameter |<\/title>\n<meta name=\"description\" content=\"This sharp Greengo 4-part grinder shreds your herbs effortlessly and promptly. The metal is available with\u00a0a diameter of 50 mm.\" \/>\n<meta name=\"robots\" content=\"index, follow, max-snippet:-1, max-image-preview:large, max-video-preview:-1\" \/>\n<link rel=\"canonical\" href=\"https:\/\/canna-cali.com\/pt\/produto\/greengo-4-part-grinder-50-mm-diameter\/\" \/>\n<meta property=\"og:locale\" content=\"pt_PT\" \/>\n<meta property=\"og:type\" content=\"article\" \/>\n<meta property=\"og:title\" content=\"Greengo 4-part grinder 50 mm diameter |\" \/>\n<meta property=\"og:description\" content=\"This sharp Greengo 4-part grinder shreds your herbs effortlessly and promptly. The metal is available with\u00a0a diameter of 50 mm.\" \/>\n<meta property=\"og:url\" content=\"https:\/\/canna-cali.com\/pt\/produto\/greengo-4-part-grinder-50-mm-diameter\/\" \/>\n<meta property=\"og:site_name\" content=\"Canna Cali - Lisbon Marijuana store\" \/>\n<meta property=\"article:modified_time\" content=\"2022-05-27T08:35:23+00:00\" \/>\n<meta property=\"og:image\" content=\"https:\/\/canna-cali.com\/wp-content\/uploads\/2020\/07\/Greengo-4-part-grinder-50-mm-diameter.jpg\" \/>\n\t<meta property=\"og:image:width\" content=\"525\" \/>\n\t<meta property=\"og:image:height\" content=\"525\" \/>\n\t<meta property=\"og:image:type\" content=\"image\/jpeg\" \/>\n<meta name=\"twitter:card\" content=\"summary_large_image\" \/>\n<meta name=\"twitter:label1\" content=\"Tempo estimado de leitura\" \/>\n\t<meta name=\"twitter:data1\" content=\"1 minuto\" \/>\n<script type=\"application\/ld+json\" class=\"yoast-schema-graph\">{\"@context\":\"https:\/\/schema.org\",\"@graph\":[{\"@type\":\"WebPage\",\"@id\":\"https:\/\/canna-cali.com\/product\/greengo-4-part-grinder-50-mm-diameter\/\",\"url\":\"https:\/\/canna-cali.com\/product\/greengo-4-part-grinder-50-mm-diameter\/\",\"name\":\"Greengo 4-part grinder 50 mm diameter |\",\"isPartOf\":{\"@id\":\"https:\/\/canna-cali.com\/#website\"},\"datePublished\":\"2020-07-12T07:30:32+00:00\",\"dateModified\":\"2022-05-27T08:35:23+00:00\",\"description\":\"This sharp Greengo 4-part grinder shreds your herbs effortlessly and promptly. The metal is available with\u00a0a diameter of 50 mm.\",\"breadcrumb\":{\"@id\":\"https:\/\/canna-cali.com\/product\/greengo-4-part-grinder-50-mm-diameter\/#breadcrumb\"},\"inLanguage\":\"pt-PT\",\"potentialAction\":[{\"@type\":\"ReadAction\",\"target\":[\"https:\/\/canna-cali.com\/product\/greengo-4-part-grinder-50-mm-diameter\/\"]}]},{\"@type\":\"BreadcrumbList\",\"@id\":\"https:\/\/canna-cali.com\/product\/greengo-4-part-grinder-50-mm-diameter\/#breadcrumb\",\"itemListElement\":[{\"@type\":\"ListItem\",\"position\":1,\"name\":\"Home\",\"item\":\"https:\/\/canna-cali.com\/\"},{\"@type\":\"ListItem\",\"position\":2,\"name\":\"Shop\",\"item\":\"https:\/\/canna-cali.com\/shop\/\"},{\"@type\":\"ListItem\",\"position\":3,\"name\":\"Greengo 4-part grinder 50 mm diameter\"}]},{\"@type\":\"WebSite\",\"@id\":\"https:\/\/canna-cali.com\/#website\",\"url\":\"https:\/\/canna-cali.com\/\",\"name\":\"Canna Cali\",\"description\":\"Canna Cali - Lisbon Marijuana store provides you the best selection of hemp products.\",\"publisher\":{\"@id\":\"https:\/\/canna-cali.com\/#organization\"},\"potentialAction\":[{\"@type\":\"SearchAction\",\"target\":{\"@type\":\"EntryPoint\",\"urlTemplate\":\"https:\/\/canna-cali.com\/?s={search_term_string}\"},\"query-input\":\"required name=search_term_string\"}],\"inLanguage\":\"pt-PT\"},{\"@type\":\"Organization\",\"@id\":\"https:\/\/canna-cali.com\/#organization\",\"name\":\"Canna Cali\",\"url\":\"https:\/\/canna-cali.com\/\",\"logo\":{\"@type\":\"ImageObject\",\"inLanguage\":\"pt-PT\",\"@id\":\"https:\/\/canna-cali.com\/#\/schema\/logo\/image\/\",\"url\":\"https:\/\/canna-cali.com\/wp-content\/uploads\/2020\/07\/canna-cali-logo-transp-1.png\",\"contentUrl\":\"https:\/\/canna-cali.com\/wp-content\/uploads\/2020\/07\/canna-cali-logo-transp-1.png\",\"width\":344,\"height\":330,\"caption\":\"Canna Cali\"},\"image\":{\"@id\":\"https:\/\/canna-cali.com\/#\/schema\/logo\/image\/\"}}]}<\/script>\n<!-- \/ Yoast SEO plugin. -->","yoast_head_json":{"title":"Greengo 4-part grinder 50 mm diameter |","description":"This sharp Greengo 4-part grinder shreds your herbs effortlessly and promptly. The metal is available with\u00a0a diameter of 50 mm.","robots":{"index":"index","follow":"follow","max-snippet":"max-snippet:-1","max-image-preview":"max-image-preview:large","max-video-preview":"max-video-preview:-1"},"canonical":"https:\/\/canna-cali.com\/pt\/produto\/greengo-4-part-grinder-50-mm-diameter\/","og_locale":"pt_PT","og_type":"article","og_title":"Greengo 4-part grinder 50 mm diameter |","og_description":"This sharp Greengo 4-part grinder shreds your herbs effortlessly and promptly. The metal is available with\u00a0a diameter of 50 mm.","og_url":"https:\/\/canna-cali.com\/pt\/produto\/greengo-4-part-grinder-50-mm-diameter\/","og_site_name":"Canna Cali - Lisbon Marijuana store","article_modified_time":"2022-05-27T08:35:23+00:00","og_image":[{"width":525,"height":525,"url":"https:\/\/canna-cali.com\/wp-content\/uploads\/2020\/07\/Greengo-4-part-grinder-50-mm-diameter.jpg","type":"image\/jpeg"}],"twitter_card":"summary_large_image","twitter_misc":{"Tempo estimado de leitura":"1 minuto"},"schema":{"@context":"https:\/\/schema.org","@graph":[{"@type":"WebPage","@id":"https:\/\/canna-cali.com\/product\/greengo-4-part-grinder-50-mm-diameter\/","url":"https:\/\/canna-cali.com\/product\/greengo-4-part-grinder-50-mm-diameter\/","name":"Greengo 4-part grinder 50 mm diameter |","isPartOf":{"@id":"https:\/\/canna-cali.com\/#website"},"datePublished":"2020-07-12T07:30:32+00:00","dateModified":"2022-05-27T08:35:23+00:00","description":"This sharp Greengo 4-part grinder shreds your herbs effortlessly and promptly. The metal is available with\u00a0a diameter of 50 mm.","breadcrumb":{"@id":"https:\/\/canna-cali.com\/product\/greengo-4-part-grinder-50-mm-diameter\/#breadcrumb"},"inLanguage":"pt-PT","potentialAction":[{"@type":"ReadAction","target":["https:\/\/canna-cali.com\/product\/greengo-4-part-grinder-50-mm-diameter\/"]}]},{"@type":"BreadcrumbList","@id":"https:\/\/canna-cali.com\/product\/greengo-4-part-grinder-50-mm-diameter\/#breadcrumb","itemListElement":[{"@type":"ListItem","position":1,"name":"Home","item":"https:\/\/canna-cali.com\/"},{"@type":"ListItem","position":2,"name":"Shop","item":"https:\/\/canna-cali.com\/shop\/"},{"@type":"ListItem","position":3,"name":"Greengo 4-part grinder 50 mm diameter"}]},{"@type":"WebSite","@id":"https:\/\/canna-cali.com\/#website","url":"https:\/\/canna-cali.com\/","name":"Canna Cali","description":"Canna Cali - Lisbon Marijuana store provides you the best selection of hemp products.","publisher":{"@id":"https:\/\/canna-cali.com\/#organization"},"potentialAction":[{"@type":"SearchAction","target":{"@type":"EntryPoint","urlTemplate":"https:\/\/canna-cali.com\/?s={search_term_string}"},"query-input":"required name=search_term_string"}],"inLanguage":"pt-PT"},{"@type":"Organization","@id":"https:\/\/canna-cali.com\/#organization","name":"Canna Cali","url":"https:\/\/canna-cali.com\/","logo":{"@type":"ImageObject","inLanguage":"pt-PT","@id":"https:\/\/canna-cali.com\/#\/schema\/logo\/image\/","url":"https:\/\/canna-cali.com\/wp-content\/uploads\/2020\/07\/canna-cali-logo-transp-1.png","contentUrl":"https:\/\/canna-cali.com\/wp-content\/uploads\/2020\/07\/canna-cali-logo-transp-1.png","width":344,"height":330,"caption":"Canna Cali"},"image":{"@id":"https:\/\/canna-cali.com\/#\/schema\/logo\/image\/"}}]}},"_links":{"self":[{"href":"https:\/\/canna-cali.com\/pt\/wp-json\/wp\/v2\/product\/1913"}],"collection":[{"href":"https:\/\/canna-cali.com\/pt\/wp-json\/wp\/v2\/product"}],"about":[{"href":"https:\/\/canna-cali.com\/pt\/wp-json\/wp\/v2\/types\/product"}],"replies":[{"embeddable":true,"href":"https:\/\/canna-cali.com\/pt\/wp-json\/wp\/v2\/comments?post=1913"}],"wp:featuredmedia":[{"embeddable":true,"href":"https:\/\/canna-cali.com\/pt\/wp-json\/wp\/v2\/media\/1917"}],"wp:attachment":[{"href":"https:\/\/canna-cali.com\/pt\/wp-json\/wp\/v2\/media?parent=1913"}],"wp:term":[{"taxonomy":"product_cat","embeddable":true,"href":"https:\/\/canna-cali.com\/pt\/wp-json\/wp\/v2\/product_cat?post=1913"},{"taxonomy":"product_tag","embeddable":true,"href":"https:\/\/canna-cali.com\/pt\/wp-json\/wp\/v2\/product_tag?post=1913"}],"curies":[{"name":"wp","href":"https:\/\/api.w.org\/{rel}","templated":true}]}}